{"id":278529,"date":"2026-02-18T19:00:10","date_gmt":"2026-02-18T19:00:10","guid":{"rendered":"https:\/\/museocasacoronel.com\/?post_type=product&#038;p=278529"},"modified":"2026-02-18T19:00:25","modified_gmt":"2026-02-18T19:00:25","slug":"bombon-de-pina-caja-4-piezas","status":"publish","type":"product","link":"https:\/\/museocasacoronel.com\/en\/product\/bombon-de-pina-caja-4-piezas\/","title":{"rendered":"BOMB\u00d3N DE PI\u00d1A &#8211; CAJA 4 PIEZAS"},"content":{"rendered":"<p>Sabor del tr\u00f3pico en cada bocado. Relleno de pi\u00f1a madura con chocolate blanco, cubierto de cacao peruano al 62%. Dulce, jugoso y alegre, con una textura suave y cremosa.<\/p>","protected":false},"excerpt":{"rendered":"<p>Sabor del tr\u00f3pico en cada bocado. Relleno de pi\u00f1a madura con chocolate blanco, cubierto de cacao peruano al 62%. Dulce, jugoso y alegre, con una textura suave y cremosa.<\/p>","protected":false},"featured_media":278528,"comment_status":"open","ping_status":"closed","template":"","meta":{"_et_pb_use_builder":"","_et_pb_old_content":"","_et_gb_content_width":""},"product_brand":[],"product_cat":[52],"product_tag":[],"class_list":{"0":"post-278529","1":"product","2":"type-product","3":"status-publish","4":"has-post-thumbnail","6":"product_cat-bombones","8":"first","9":"instock","10":"shipping-taxable","11":"purchasable","12":"product-type-simple"},"_links":{"self":[{"href":"https:\/\/museocasacoronel.com\/en\/wp-json\/wp\/v2\/product\/278529","targetHints":{"allow":["GET"]}}],"collection":[{"href":"https:\/\/museocasacoronel.com\/en\/wp-json\/wp\/v2\/product"}],"about":[{"href":"https:\/\/museocasacoronel.com\/en\/wp-json\/wp\/v2\/types\/product"}],"replies":[{"embeddable":true,"href":"https:\/\/museocasacoronel.com\/en\/wp-json\/wp\/v2\/comments?post=278529"}],"wp:featuredmedia":[{"embeddable":true,"href":"https:\/\/museocasacoronel.com\/en\/wp-json\/wp\/v2\/media\/278528"}],"wp:attachment":[{"href":"https:\/\/museocasacoronel.com\/en\/wp-json\/wp\/v2\/media?parent=278529"}],"wp:term":[{"taxonomy":"product_brand","embeddable":true,"href":"https:\/\/museocasacoronel.com\/en\/wp-json\/wp\/v2\/product_brand?post=278529"},{"taxonomy":"product_cat","embeddable":true,"href":"https:\/\/museocasacoronel.com\/en\/wp-json\/wp\/v2\/product_cat?post=278529"},{"taxonomy":"product_tag","embeddable":true,"href":"https:\/\/museocasacoronel.com\/en\/wp-json\/wp\/v2\/product_tag?post=278529"}],"curies":[{"name":"wp","href":"https:\/\/api.w.org\/{rel}","templated":true}]}}