{"id":278521,"date":"2026-02-18T18:55:08","date_gmt":"2026-02-18T18:55:08","guid":{"rendered":"https:\/\/museocasacoronel.com\/?post_type=product&#038;p=278521"},"modified":"2026-02-18T18:55:33","modified_gmt":"2026-02-18T18:55:33","slug":"bombon-de-maracuya-caja-9-piezas","status":"publish","type":"product","link":"https:\/\/museocasacoronel.com\/en\/product\/bombon-de-maracuya-caja-9-piezas\/","title":{"rendered":"BOMB\u00d3N DE MARACUYA &#8211; CAJA 9 PIEZAS"},"content":{"rendered":"<p>Una experiencia en dos capas. Primero, un caramelo tostado de maracuy\u00e1; luego, una ganache suave con chocolate blanco y maracuy\u00e1. Todo envuelto en chocolate oscuro 62%. Ex\u00f3tico, \u00e1cido y sofisticado.<\/p>","protected":false},"excerpt":{"rendered":"<p>Una experiencia en dos capas. Primero, un caramelo tostado de maracuy\u00e1; luego, una ganache suave con chocolate blanco y maracuy\u00e1. Todo envuelto en chocolate oscuro 62%. Ex\u00f3tico, \u00e1cido y sofisticado.<\/p>","protected":false},"featured_media":278519,"comment_status":"open","ping_status":"closed","template":"","meta":{"_et_pb_use_builder":"","_et_pb_old_content":"","_et_gb_content_width":""},"product_brand":[],"product_cat":[52],"product_tag":[],"class_list":{"0":"post-278521","1":"product","2":"type-product","3":"status-publish","4":"has-post-thumbnail","6":"product_cat-bombones","8":"first","9":"instock","10":"shipping-taxable","11":"purchasable","12":"product-type-simple"},"_links":{"self":[{"href":"https:\/\/museocasacoronel.com\/en\/wp-json\/wp\/v2\/product\/278521","targetHints":{"allow":["GET"]}}],"collection":[{"href":"https:\/\/museocasacoronel.com\/en\/wp-json\/wp\/v2\/product"}],"about":[{"href":"https:\/\/museocasacoronel.com\/en\/wp-json\/wp\/v2\/types\/product"}],"replies":[{"embeddable":true,"href":"https:\/\/museocasacoronel.com\/en\/wp-json\/wp\/v2\/comments?post=278521"}],"wp:featuredmedia":[{"embeddable":true,"href":"https:\/\/museocasacoronel.com\/en\/wp-json\/wp\/v2\/media\/278519"}],"wp:attachment":[{"href":"https:\/\/museocasacoronel.com\/en\/wp-json\/wp\/v2\/media?parent=278521"}],"wp:term":[{"taxonomy":"product_brand","embeddable":true,"href":"https:\/\/museocasacoronel.com\/en\/wp-json\/wp\/v2\/product_brand?post=278521"},{"taxonomy":"product_cat","embeddable":true,"href":"https:\/\/museocasacoronel.com\/en\/wp-json\/wp\/v2\/product_cat?post=278521"},{"taxonomy":"product_tag","embeddable":true,"href":"https:\/\/museocasacoronel.com\/en\/wp-json\/wp\/v2\/product_tag?post=278521"}],"curies":[{"name":"wp","href":"https:\/\/api.w.org\/{rel}","templated":true}]}}