{"id":278389,"date":"2026-01-20T06:29:43","date_gmt":"2026-01-20T06:29:43","guid":{"rendered":"https:\/\/museocasacoronel.com\/?post_type=product&#038;p=278389"},"modified":"2026-01-20T07:17:59","modified_gmt":"2026-01-20T07:17:59","slug":"barra-de-chocolate-dubai-46","status":"publish","type":"product","link":"https:\/\/museocasacoronel.com\/en\/product\/barra-de-chocolate-dubai-46\/","title":{"rendered":"BARRA DE CHOCOLATE  DUBAI 46%"},"content":{"rendered":"<p>Suave, cremosa y envolvente. Rellena de crema de pistacho con crujiente kataifi, envuelta en chocolate 46% paname\u00f1o. Una versi\u00f3n m\u00e1s dulce y aterciopelada que conserva el lujo del pistacho con un toque m\u00e1s delicado.<\/p>","protected":false},"excerpt":{"rendered":"<p>Suave, cremosa y envolvente. Rellena de crema de pistacho con crujiente kataifi, envuelta en chocolate 46% paname\u00f1o. Una versi\u00f3n m\u00e1s dulce y aterciopelada que conserva el lujo del pistacho con un toque m\u00e1s delicado.<\/p>","protected":false},"featured_media":278390,"comment_status":"open","ping_status":"closed","template":"","meta":{"_et_pb_use_builder":"","_et_pb_old_content":"","_et_gb_content_width":""},"product_brand":[],"product_cat":[53],"product_tag":[],"class_list":{"0":"post-278389","1":"product","2":"type-product","3":"status-publish","4":"has-post-thumbnail","6":"product_cat-barras-de-chocolate","8":"first","9":"instock","10":"featured","11":"shipping-taxable","12":"purchasable","13":"product-type-simple"},"_links":{"self":[{"href":"https:\/\/museocasacoronel.com\/en\/wp-json\/wp\/v2\/product\/278389","targetHints":{"allow":["GET"]}}],"collection":[{"href":"https:\/\/museocasacoronel.com\/en\/wp-json\/wp\/v2\/product"}],"about":[{"href":"https:\/\/museocasacoronel.com\/en\/wp-json\/wp\/v2\/types\/product"}],"replies":[{"embeddable":true,"href":"https:\/\/museocasacoronel.com\/en\/wp-json\/wp\/v2\/comments?post=278389"}],"wp:featuredmedia":[{"embeddable":true,"href":"https:\/\/museocasacoronel.com\/en\/wp-json\/wp\/v2\/media\/278390"}],"wp:attachment":[{"href":"https:\/\/museocasacoronel.com\/en\/wp-json\/wp\/v2\/media?parent=278389"}],"wp:term":[{"taxonomy":"product_brand","embeddable":true,"href":"https:\/\/museocasacoronel.com\/en\/wp-json\/wp\/v2\/product_brand?post=278389"},{"taxonomy":"product_cat","embeddable":true,"href":"https:\/\/museocasacoronel.com\/en\/wp-json\/wp\/v2\/product_cat?post=278389"},{"taxonomy":"product_tag","embeddable":true,"href":"https:\/\/museocasacoronel.com\/en\/wp-json\/wp\/v2\/product_tag?post=278389"}],"curies":[{"name":"wp","href":"https:\/\/api.w.org\/{rel}","templated":true}]}}