{"id":278370,"date":"2026-01-20T06:05:15","date_gmt":"2026-01-20T06:05:15","guid":{"rendered":"https:\/\/museocasacoronel.com\/?post_type=product&#038;p=278370"},"modified":"2026-01-20T06:10:25","modified_gmt":"2026-01-20T06:10:25","slug":"barra-de-chocolate-con-cafe","status":"publish","type":"product","link":"https:\/\/museocasacoronel.com\/en\/product\/barra-de-chocolate-con-cafe\/","title":{"rendered":"BARRA DE CHOCOLATE CON CAFE"},"content":{"rendered":"<p>Una barra con car\u00e1cter y energ\u00eda. Elaborada con chocolate al 43% y decorada con granos de caf\u00e9 tostado, esta combinaci\u00f3n ofrece un equilibrio entre dulzura y amargor, con un final arom\u00e1tico irresistible para los amantes del caf\u00e9.<\/p>","protected":false},"excerpt":{"rendered":"<p>Una barra con car\u00e1cter y energ\u00eda. Elaborada con chocolate al 43% y decorada con granos de caf\u00e9 tostado, esta combinaci\u00f3n ofrece un equilibrio entre dulzura y amargor, con un final arom\u00e1tico irresistible para los amantes del caf\u00e9.<\/p>","protected":false},"featured_media":278373,"comment_status":"open","ping_status":"closed","template":"","meta":{"_et_pb_use_builder":"","_et_pb_old_content":"","_et_gb_content_width":""},"product_brand":[],"product_cat":[53],"product_tag":[],"class_list":{"0":"post-278370","1":"product","2":"type-product","3":"status-publish","4":"has-post-thumbnail","6":"product_cat-barras-de-chocolate","8":"first","9":"instock","10":"shipping-taxable","11":"purchasable","12":"product-type-simple"},"_links":{"self":[{"href":"https:\/\/museocasacoronel.com\/en\/wp-json\/wp\/v2\/product\/278370","targetHints":{"allow":["GET"]}}],"collection":[{"href":"https:\/\/museocasacoronel.com\/en\/wp-json\/wp\/v2\/product"}],"about":[{"href":"https:\/\/museocasacoronel.com\/en\/wp-json\/wp\/v2\/types\/product"}],"replies":[{"embeddable":true,"href":"https:\/\/museocasacoronel.com\/en\/wp-json\/wp\/v2\/comments?post=278370"}],"wp:featuredmedia":[{"embeddable":true,"href":"https:\/\/museocasacoronel.com\/en\/wp-json\/wp\/v2\/media\/278373"}],"wp:attachment":[{"href":"https:\/\/museocasacoronel.com\/en\/wp-json\/wp\/v2\/media?parent=278370"}],"wp:term":[{"taxonomy":"product_brand","embeddable":true,"href":"https:\/\/museocasacoronel.com\/en\/wp-json\/wp\/v2\/product_brand?post=278370"},{"taxonomy":"product_cat","embeddable":true,"href":"https:\/\/museocasacoronel.com\/en\/wp-json\/wp\/v2\/product_cat?post=278370"},{"taxonomy":"product_tag","embeddable":true,"href":"https:\/\/museocasacoronel.com\/en\/wp-json\/wp\/v2\/product_tag?post=278370"}],"curies":[{"name":"wp","href":"https:\/\/api.w.org\/{rel}","templated":true}]}}