{"id":278354,"date":"2026-01-20T05:43:31","date_gmt":"2026-01-20T05:43:31","guid":{"rendered":"https:\/\/museocasacoronel.com\/?post_type=product&#038;p=278354"},"modified":"2026-02-18T19:00:05","modified_gmt":"2026-02-18T19:00:05","slug":"bombon-de-pina","status":"publish","type":"product","link":"https:\/\/museocasacoronel.com\/en\/product\/bombon-de-pina\/","title":{"rendered":"BOMB\u00d3N DE PI\u00d1A"},"content":{"rendered":"<p>Sabor del tr\u00f3pico en cada bocado. Relleno de pi\u00f1a madura con chocolate blanco, cubierto de cacao peruano al 62%. Dulce, jugoso y alegre, con una textura suave y cremosa.<\/p>","protected":false},"excerpt":{"rendered":"<p>Sabor del tr\u00f3pico en cada bocado. Relleno de pi\u00f1a madura con chocolate blanco, cubierto de cacao peruano al 62%. Dulce, jugoso y alegre, con una textura suave y cremosa.<\/p>","protected":false},"featured_media":278528,"comment_status":"open","ping_status":"closed","template":"","meta":{"_et_pb_use_builder":"","_et_pb_old_content":"","_et_gb_content_width":""},"product_brand":[],"product_cat":[52],"product_tag":[],"class_list":{"0":"post-278354","1":"product","2":"type-product","3":"status-publish","4":"has-post-thumbnail","6":"product_cat-bombones","8":"first","9":"instock","10":"shipping-taxable","11":"purchasable","12":"product-type-simple"},"_links":{"self":[{"href":"https:\/\/museocasacoronel.com\/en\/wp-json\/wp\/v2\/product\/278354","targetHints":{"allow":["GET"]}}],"collection":[{"href":"https:\/\/museocasacoronel.com\/en\/wp-json\/wp\/v2\/product"}],"about":[{"href":"https:\/\/museocasacoronel.com\/en\/wp-json\/wp\/v2\/types\/product"}],"replies":[{"embeddable":true,"href":"https:\/\/museocasacoronel.com\/en\/wp-json\/wp\/v2\/comments?post=278354"}],"wp:featuredmedia":[{"embeddable":true,"href":"https:\/\/museocasacoronel.com\/en\/wp-json\/wp\/v2\/media\/278528"}],"wp:attachment":[{"href":"https:\/\/museocasacoronel.com\/en\/wp-json\/wp\/v2\/media?parent=278354"}],"wp:term":[{"taxonomy":"product_brand","embeddable":true,"href":"https:\/\/museocasacoronel.com\/en\/wp-json\/wp\/v2\/product_brand?post=278354"},{"taxonomy":"product_cat","embeddable":true,"href":"https:\/\/museocasacoronel.com\/en\/wp-json\/wp\/v2\/product_cat?post=278354"},{"taxonomy":"product_tag","embeddable":true,"href":"https:\/\/museocasacoronel.com\/en\/wp-json\/wp\/v2\/product_tag?post=278354"}],"curies":[{"name":"wp","href":"https:\/\/api.w.org\/{rel}","templated":true}]}}