{"id":278344,"date":"2026-01-20T05:38:58","date_gmt":"2026-01-20T05:38:58","guid":{"rendered":"https:\/\/museocasacoronel.com\/?post_type=product&#038;p=278344"},"modified":"2026-02-18T19:04:55","modified_gmt":"2026-02-18T19:04:55","slug":"bombon-de-limon-con-hierbabuena","status":"publish","type":"product","link":"https:\/\/museocasacoronel.com\/en\/product\/bombon-de-limon-con-hierbabuena\/","title":{"rendered":"BOMB\u00d3N DE LIMON"},"content":{"rendered":"<p>Refrescante y arom\u00e1tico. Ganache de lim\u00f3n natural y chocolate blanco infusionado con hierbabuena fresca, bajo una cobertura de cacao 62%. Un bomb\u00f3n ligero y sorprendente, ideal para quienes buscan algo diferente.<\/p>","protected":false},"excerpt":{"rendered":"<p>Refrescante y arom\u00e1tico. Ganache de lim\u00f3n natural y chocolate blanco infusionado con hierbabuena fresca, bajo una cobertura de cacao 62%. Un bomb\u00f3n ligero y sorprendente, ideal para quienes buscan algo diferente.<\/p>","protected":false},"featured_media":278536,"comment_status":"open","ping_status":"closed","template":"","meta":{"_et_pb_use_builder":"","_et_pb_old_content":"","_et_gb_content_width":""},"product_brand":[],"product_cat":[52],"product_tag":[],"class_list":{"0":"post-278344","1":"product","2":"type-product","3":"status-publish","4":"has-post-thumbnail","6":"product_cat-bombones","8":"first","9":"instock","10":"shipping-taxable","11":"purchasable","12":"product-type-simple"},"_links":{"self":[{"href":"https:\/\/museocasacoronel.com\/en\/wp-json\/wp\/v2\/product\/278344","targetHints":{"allow":["GET"]}}],"collection":[{"href":"https:\/\/museocasacoronel.com\/en\/wp-json\/wp\/v2\/product"}],"about":[{"href":"https:\/\/museocasacoronel.com\/en\/wp-json\/wp\/v2\/types\/product"}],"replies":[{"embeddable":true,"href":"https:\/\/museocasacoronel.com\/en\/wp-json\/wp\/v2\/comments?post=278344"}],"wp:featuredmedia":[{"embeddable":true,"href":"https:\/\/museocasacoronel.com\/en\/wp-json\/wp\/v2\/media\/278536"}],"wp:attachment":[{"href":"https:\/\/museocasacoronel.com\/en\/wp-json\/wp\/v2\/media?parent=278344"}],"wp:term":[{"taxonomy":"product_brand","embeddable":true,"href":"https:\/\/museocasacoronel.com\/en\/wp-json\/wp\/v2\/product_brand?post=278344"},{"taxonomy":"product_cat","embeddable":true,"href":"https:\/\/museocasacoronel.com\/en\/wp-json\/wp\/v2\/product_cat?post=278344"},{"taxonomy":"product_tag","embeddable":true,"href":"https:\/\/museocasacoronel.com\/en\/wp-json\/wp\/v2\/product_tag?post=278344"}],"curies":[{"name":"wp","href":"https:\/\/api.w.org\/{rel}","templated":true}]}}